{"id":263,"date":"2015-03-30T20:40:54","date_gmt":"2015-03-30T20:40:54","guid":{"rendered":"http:\/\/primorac-podaca.com\/naslovna-2\/"},"modified":"2018-12-20T15:42:12","modified_gmt":"2018-12-20T15:42:12","slug":"naslovna","status":"publish","type":"page","link":"https:\/\/primorac-podaca.com\/cs\/","title":{"rendered":"Dom\u00e1c\u00ed"},"content":{"rendered":"<div class=\"twelve columns alpha add-bottom\">\n<div class=\"box-ig\">\u00a0<span id=\"result_box\" class=\"short_text\" lang=\"cs\"><span class=\"hps\">V\u00edtejte v<\/span> <span class=\"hps\">Podaca<\/span><\/span><span id=\"result_box\" class=\"short_text\" lang=\"pl\"><\/span><\/div>\n<ul class=\"rc_list rc_posts\"><li><div class=\"hover panel\"><div class=\"front\"><img src=\"https:\/\/primorac-podaca.com\/wp-content\/uploads\/2015\/04\/A5-finale-11a-448x290.jpg\"\/><div class=\"postType gallery_post\"><\/div><\/div><div class=\"back\"><div class=\"pad\"><h2>APARTM\u00c1N A5<\/h2><span class=\"date\">2. April 2015<\/span><p>Apartm\u00e1n A5 (2 + 1) m\u00e1 2 l\u016f\u017eka (man\u017eelsk\u00e1 postel a samostatn\u00e9 l\u016f\u017eko 190&#215;160 190&#215;80 cm), vybaven\u00e1 kuchy\u0148, koupelna se ..<\/p><a class=\"standard_button small\" href=\"https:\/\/primorac-podaca.com\/cs\/apartman-a5\/\">Zarezervujte si te\u010f<\/a><\/div><\/div><\/div><\/li><li><div class=\"hover panel\"><div class=\"front\"><img src=\"https:\/\/primorac-podaca.com\/wp-content\/uploads\/2015\/04\/A6-448x290.jpg\"\/><div class=\"postType gallery_post\"><\/div><\/div><div class=\"back\"><div class=\"pad\"><h2>APARTM\u00c1N A6<\/h2><span class=\"date\">2. April 2015<\/span><p>Apartm\u00e1n A6 (2 + 1) m\u00e1 2 l\u016f\u017eka (man\u017eelsk\u00e1 postel a samostatn\u00e9 l\u016f\u017eko 190&#215;160 190&#215;80 cm), vybaven\u00e1 kuchy\u0148, koupelna se ..<\/p><a class=\"standard_button small\" href=\"https:\/\/primorac-podaca.com\/cs\/apartman-a6\/\">Zarezervujte si te\u010f<\/a><\/div><\/div><\/div><\/li><li><div class=\"hover panel\"><div class=\"front\"><img src=\"https:\/\/primorac-podaca.com\/wp-content\/uploads\/2015\/04\/A7-finale-1-448x290.jpg\"\/><div class=\"postType gallery_post\"><\/div><\/div><div class=\"back\"><div class=\"pad\"><h2>APARTM\u00c1N A7<\/h2><span class=\"date\">2. April 2015<\/span><p>Apartm\u00e1n A7 (3 + 1) m\u00e1 3 l\u016f\u017eka (man\u017eelsk\u00e1 postel 190&#215;160 a 2 samostatn\u00e9 postele 190&#215;80 cm), vybaven\u00e1 kuchy\u0148, koupelna s..<\/p><a class=\"standard_button small\" href=\"https:\/\/primorac-podaca.com\/cs\/apartman-a7\/\">Zarezervujte si te\u010f<\/a><\/div><\/div><\/div><\/li><li><div class=\"hover panel\"><div class=\"front\"><img src=\"https:\/\/primorac-podaca.com\/wp-content\/uploads\/2015\/04\/A9-finale-1-448x290.jpg\"\/><div class=\"postType gallery_post\"><\/div><\/div><div class=\"back\"><div class=\"pad\"><h2>APARTM\u00c1N A9<\/h2><span class=\"date\">2. April 2015<\/span><p>Apartm\u00e1n A9 (3 + 1) m\u00e1 3 l\u016f\u017eka (man\u017eelsk\u00e1 postel 190&#215;160 a 2 samostatn\u00e9 postele 190&#215;80 cm a\u00a0 180&#215;70 cm), vybaven\u00e1 ..<\/p><a class=\"standard_button small\" href=\"https:\/\/primorac-podaca.com\/cs\/apartman-a9\/\">Zarezervujte si te\u010f<\/a><\/div><\/div><\/div><\/li><li><div class=\"hover panel\"><div class=\"front\"><img src=\"https:\/\/primorac-podaca.com\/wp-content\/uploads\/2015\/04\/A10-finale-1-448x290.jpg\"\/><div class=\"postType gallery_post\"><\/div><\/div><div class=\"back\"><div class=\"pad\"><h2>APARTM\u00c1N A10<\/h2><span class=\"date\">2. April 2015<\/span><p>Apartament A10 (2+1) oferuje 2 \u0142\u00f3\u017cka (\u0142\u00f3\u017cko ma\u0142\u017ce\u0144skie 190&#215;160 oraz \u0142\u00f3\u017cko pojedyncze 190&#215;70 cm), wyposa\u017con\u0105 kuchni..<\/p><a class=\"standard_button small\" href=\"https:\/\/primorac-podaca.com\/cs\/apartman-a10\/\">Zarezervujte si te\u010f<\/a><\/div><\/div><\/div><\/li><li><div class=\"hover panel\"><div class=\"front\"><img src=\"https:\/\/primorac-podaca.com\/wp-content\/uploads\/2015\/04\/S3-finale1-448x290.jpg\"\/><div class=\"postType gallery_post\"><\/div><\/div><div class=\"back\"><div class=\"pad\"><h2>POKOJ S3<\/h2><span class=\"date\">2. April 2015<\/span><p>Pok\u00f3j S3 (2+1) oferuje 2 \u0142\u00f3\u017cka (\u0142\u00f3\u017cko ma\u0142\u017ce\u0144skie 190&#215;160 oraz \u0142\u00f3\u017cko pojedyncze190x80 cm), \u0142azienk\u0119 z prysznicem, lod\u00f3..<\/p><a class=\"standard_button small\" href=\"https:\/\/primorac-podaca.com\/cs\/pokoj-s3\/\">Zarezervujte si te\u010f<\/a><\/div><\/div><\/div><\/li><li><div class=\"hover panel\"><div class=\"front\"><img src=\"https:\/\/primorac-podaca.com\/wp-content\/uploads\/2015\/04\/S4-448x290.jpg\"\/><div class=\"postType gallery_post\"><\/div><\/div><div class=\"back\"><div class=\"pad\"><h2>POKOJ S4<\/h2><span class=\"date\">2. April 2015<\/span><p>Pokoj S4 (1 + 1) m\u00e1 2 l\u016f\u017eka ( postel pojedyncze 190\u00d780 ), koupelna se sprchov\u00fdm koutem, lednic\u00ed, balkon, TV se satelitn\u00edm p\u0159\u00edjmem..<\/p><a class=\"standard_button small\" href=\"https:\/\/primorac-podaca.com\/cs\/apartman-7\/\">Zarezervujte si te\u010f<\/a><\/div><\/div><\/div><\/li><li><div class=\"hover panel\"><div class=\"front\"><img src=\"https:\/\/primorac-podaca.com\/wp-content\/uploads\/2015\/04\/S8-finale-11-448x290.jpg\"\/><div class=\"postType gallery_post\"><\/div><\/div><div class=\"back\"><div class=\"pad\"><h2>POKOJ S8<\/h2><span class=\"date\">2. April 2015<\/span><p>Pok\u00f3j S8 (2) oferuje 1 \u0142\u00f3\u017cka (\u0142\u00f3\u017cko ma\u0142\u017ce\u0144skie 190&#215;160), \u0142azienk\u0119 z prysznicem, lod\u00f3wk\u0119, balkon, TV Sat i wi-fi.. W cen..<\/p><a class=\"standard_button small\" href=\"https:\/\/primorac-podaca.com\/cs\/pokoj-s8\/\">Zarezervujte si te\u010f<\/a><\/div><\/div><\/div><\/li><\/ul>\n<\/div>\n<div class=\"four columns omega add-bottom\">\n<div class=\"item-title-bg\">\n<p><strong>PRIMORAC APARTM\u00c1NY ***<\/strong><\/p>\n<\/div>\n<div class=\"text-widget-ig\">\n<p style=\"text-align: justify;\">Apartm\u00e1ny Primorac *** , ned\u00e1vno zrekonstruovan\u00fd , se nach\u00e1z\u00ed v mal\u00e9 m\u011bst\u011b Podaca (4 km od Graca a 29 km od Makarsk\u00e9 ) pod hlavn\u00ed silnic\u00ed v bl\u00edzkosti mo\u0159e ( 250 m ), je ide\u00e1ln\u00edm m\u00edstem pro rodinnou dovolenou . <span id=\"result_box\" class=\"\" lang=\"cs\"><span class=\"hps\">N\u00e1\u0161 d\u016fm m\u00e1<\/span> <span class=\"hps\">certifik\u00e1t<\/span> <span class=\"hps\">energie a<\/span> <span class=\"hps\">v\u011bt\u0161ina byt\u016f<\/span> <span class=\"hps\">je vybavena modern\u00edmi<\/span> <span class=\"hps\">chladic\u00edmi syst\u00e9my<\/span><\/span> -Inverter. Dv\u011b pl\u00e1\u017ee &#8211; Vala a Ravanje jsou klenotem Podace. V\u00fdlet do star\u00e9 vesnice Podaca (300 m nm) , ze kter\u00e9ho je kr\u00e1sn\u00fd v\u00fdhled na poloostrov Pelje\u0161ac a ostrov Hvar z\u016fstane nezapomenuteln\u00fd . Upraven\u00e1 p\u011b\u0161\u00ed stezka pod\u00e9l pob\u0159e\u017e\u00ed na Brist a Gradac na v\u00fdchod nebo do Zaostorogu na z\u00e1pad\u011b. Ve\u010der m\u016f\u017eete nav\u0161t\u00edvit n\u011bkterou z mal\u00fdch rodinn\u00fdch hosp\u016fdek nedaleko pob\u0159e\u017e\u00ed s vynikaj\u00edc\u00edm m\u00edstn\u00edm j\u00eddlem &#8211; v\u0159ele doporu\u010dit pro na\u0161e hosty . A kone\u010dn\u011b plavat budete v k\u0159i\u0161\u0165\u00e1lov\u011b \u010dist\u00e9 vod\u011b a relaxovat ve st\u00ednu borovic &#8211; pro perfektn\u00ed dovolenou.<\/p>\n<p style=\"text-align: justify;\"><strong>Uvid\u00edme se v Podaci!<\/strong><\/p>\n<\/div>\n<p>&nbsp;<\/p>\n<p><img loading=\"lazy\" class=\"alignnone size-full wp-image-1327\" src=\"http:\/\/primorac-podaca.com\/wp-content\/uploads\/2015\/04\/croatia_logo-e1429224239426.jpg\" alt=\"croatia_logo\" width=\"220\" height=\"98\" \/><\/p>\n<p><a href=\"http:\/\/www.ag-travel.org\"><img loading=\"lazy\" class=\"alignnone wp-image-2190\" src=\"http:\/\/primorac-podaca.com\/wp-content\/uploads\/2015\/03\/logo-ag-travel-png.-1.png\" alt=\"logo ag travel png. 1\" width=\"125\" height=\"138\" \/><\/a><\/p>\n<p style=\"text-align: center;\"><a href=\"http:\/\/www.ag-travel.org\" target=\"_blank\" rel=\"noopener\">www.ag-travel.org<\/a><\/p>\n<\/div><div class=\"clear\"><\/div>\n","protected":false},"excerpt":{"rendered":"","protected":false},"author":4,"featured_media":0,"parent":0,"menu_order":0,"comment_status":"closed","ping_status":"closed","template":"page-fullwidth.php","meta":[],"_links":{"self":[{"href":"https:\/\/primorac-podaca.com\/cs\/wp-json\/wp\/v2\/pages\/263"}],"collection":[{"href":"https:\/\/primorac-podaca.com\/cs\/wp-json\/wp\/v2\/pages"}],"about":[{"href":"https:\/\/primorac-podaca.com\/cs\/wp-json\/wp\/v2\/types\/page"}],"author":[{"embeddable":true,"href":"https:\/\/primorac-podaca.com\/cs\/wp-json\/wp\/v2\/users\/4"}],"replies":[{"embeddable":true,"href":"https:\/\/primorac-podaca.com\/cs\/wp-json\/wp\/v2\/comments?post=263"}],"version-history":[{"count":1,"href":"https:\/\/primorac-podaca.com\/cs\/wp-json\/wp\/v2\/pages\/263\/revisions"}],"predecessor-version":[{"id":2713,"href":"https:\/\/primorac-podaca.com\/cs\/wp-json\/wp\/v2\/pages\/263\/revisions\/2713"}],"wp:attachment":[{"href":"https:\/\/primorac-podaca.com\/cs\/wp-json\/wp\/v2\/media?parent=263"}],"curies":[{"name":"wp","href":"https:\/\/api.w.org\/{rel}","templated":true}]}}