{"id":287,"date":"2015-03-30T20:42:49","date_gmt":"2015-03-30T20:42:49","guid":{"rendered":"http:\/\/primorac-podaca.com\/podaca-2\/"},"modified":"2015-04-22T16:35:22","modified_gmt":"2015-04-22T16:35:22","slug":"podaca","status":"publish","type":"page","link":"https:\/\/primorac-podaca.com\/cs\/podaca\/","title":{"rendered":"Podaca"},"content":{"rendered":"<p class=\"\" align=\"justify\">Podaca je turistick\u00e9 m\u00edsto nach\u00e1zej\u00edc\u00ed se p\u0159i jadransk\u00e9 magistr\u00e1le 2 kilometry v\u00fdchodn\u011b od Zaostrogu. Podaca se skl\u00e1d\u00e1 ze t\u0159\u00ed vesni\u010dek: Kape\u0107, Viskovi\u0107a vala a Ravanje s celkem 660 obyvateli. Obyvatelstvo se orientuje p\u0159edev\u0161\u00edm na turismus, ale zab\u00fdv\u00e1 se i ryb\u00e1\u0159stv\u00edm, zem\u011bd\u011blstv\u00edm a p\u011bstov\u00e1n\u00edm oliv. Pohodln\u00e9 domy, \u00a0vily a apartm<span style=\"color: #000000;\"><a style=\"color: #000000;\" href=\"http:\/\/www.makarskainfo.com\/cz\/podaca\/apartmany-podaca.htm\">\u00e1<\/a><\/span>ny, n\u011bkolik pohostinsk\u00fdch objekt\u016f jsou z\u00e1kladem turistick\u00e9ho rozvoje Podacy.Star\u00e1 vesnice Podaca pod skaln\u00edmi st\u011bnami Biokova je t\u00e9m\u011b\u0159 \u00fapln\u011b opu\u0161t\u011bn\u00e1. Prvn\u00ed zm\u00ednka o n\u00ed poch\u00e1z\u00ed z roku 1477. Na kopci ve star\u00e9 vesnici pod poho\u0159\u00edm byla vystav\u011bna V\u011b\u017e k obran\u011b p\u0159ed Turky, a v bl\u00edzkosti se nach\u00e1z\u00ed kostel Sv. Ivana na h\u0159bitov\u011b, kter\u00fd vybudovali \u0161lechtici rodu Ka\u010di\u0107\u016f. Vedle kostela Sv. Jurja v Tu\u010depech\u00a0 a kostela Sv. Mihovila v Igrane je to jedna z nejv\u00fdznamn\u011bj\u0161\u00edch pam\u00e1tek ran\u011b st\u0159edov\u011bk\u00e9ho stavitelstv\u00ed ve 12. stolet\u00ed. U vchodu do kostela se nach\u00e1z\u00ed n\u00e1hrobn\u00ed deska se jm\u00e9ny Ka\u010di\u0107\u016f, a v bl\u00edzkosti je st\u0159edov\u011bk\u00fd n\u00e1hrobn\u00ed k\u00e1men. Kostel Sv. Stjepana z roku 1492 byl zbo\u0159en v 18. stolet\u00ed. Na stejn\u00e9m m\u00edst\u011b byl v roce 1772 vybudov\u00e1n dne\u0161n\u00ed kostel. Po zem\u011bt\u0159esen\u00ed v roce 1962 byl na pob\u0159e\u017e\u00ed vybudov\u00e1n kostel Panny Marie.<\/p>\n<p class=\"\" align=\"justify\"><a href=\"http:\/\/primorac-podaca.com\/wp-content\/uploads\/2015\/03\/Old_Town_OBVEZNO.jpg\"><img loading=\"lazy\" class=\"alignnone size-medium wp-image-1976\" src=\"http:\/\/primorac-podaca.com\/wp-content\/uploads\/2015\/03\/Old_Town_OBVEZNO-300x201.jpg\" alt=\"Old_Town_OBVEZNO\" width=\"300\" height=\"201\" srcset=\"https:\/\/primorac-podaca.com\/wp-content\/uploads\/2015\/03\/Old_Town_OBVEZNO-300x201.jpg 300w, https:\/\/primorac-podaca.com\/wp-content\/uploads\/2015\/03\/Old_Town_OBVEZNO.jpg 1024w\" sizes=\"(max-width: 300px) 100vw, 300px\" \/><\/a><a href=\"http:\/\/primorac-podaca.com\/wp-content\/uploads\/2015\/03\/Plaza4.jpg\"><img loading=\"lazy\" class=\"alignnone size-medium wp-image-1970\" src=\"http:\/\/primorac-podaca.com\/wp-content\/uploads\/2015\/03\/Plaza4-300x201.jpg\" alt=\"Plaza4\" width=\"300\" height=\"201\" srcset=\"https:\/\/primorac-podaca.com\/wp-content\/uploads\/2015\/03\/Plaza4-300x201.jpg 300w, https:\/\/primorac-podaca.com\/wp-content\/uploads\/2015\/03\/Plaza4.jpg 1024w\" sizes=\"(max-width: 300px) 100vw, 300px\" \/><\/a><a href=\"http:\/\/primorac-podaca.com\/wp-content\/uploads\/2015\/03\/Povijest1.jpg\"><img loading=\"lazy\" class=\"alignnone size-medium wp-image-1964\" src=\"http:\/\/primorac-podaca.com\/wp-content\/uploads\/2015\/03\/Povijest1-300x201.jpg\" alt=\"Povijest1\" width=\"300\" height=\"201\" srcset=\"https:\/\/primorac-podaca.com\/wp-content\/uploads\/2015\/03\/Povijest1-300x201.jpg 300w, https:\/\/primorac-podaca.com\/wp-content\/uploads\/2015\/03\/Povijest1.jpg 1024w\" sizes=\"(max-width: 300px) 100vw, 300px\" \/><\/a><a href=\"http:\/\/primorac-podaca.com\/wp-content\/uploads\/2015\/03\/Pogled4.jpg\"><img loading=\"lazy\" class=\"alignnone size-medium wp-image-1958\" src=\"http:\/\/primorac-podaca.com\/wp-content\/uploads\/2015\/03\/Pogled4-300x201.jpg\" alt=\"Pogled4\" width=\"300\" height=\"201\" srcset=\"https:\/\/primorac-podaca.com\/wp-content\/uploads\/2015\/03\/Pogled4-300x201.jpg 300w, https:\/\/primorac-podaca.com\/wp-content\/uploads\/2015\/03\/Pogled4.jpg 1024w\" sizes=\"(max-width: 300px) 100vw, 300px\" \/><\/a><a href=\"http:\/\/primorac-podaca.com\/wp-content\/uploads\/2015\/03\/stari-grad2.jpg\"><img loading=\"lazy\" class=\"alignnone size-medium wp-image-1952\" src=\"http:\/\/primorac-podaca.com\/wp-content\/uploads\/2015\/03\/stari-grad2-300x201.jpg\" alt=\"stari grad2\" width=\"300\" height=\"201\" srcset=\"https:\/\/primorac-podaca.com\/wp-content\/uploads\/2015\/03\/stari-grad2-300x201.jpg 300w, https:\/\/primorac-podaca.com\/wp-content\/uploads\/2015\/03\/stari-grad2.jpg 1024w\" sizes=\"(max-width: 300px) 100vw, 300px\" \/><\/a><a href=\"http:\/\/primorac-podaca.com\/wp-content\/uploads\/2015\/03\/DSF0173.jpg\"><img loading=\"lazy\" class=\"alignnone size-medium wp-image-1946\" src=\"http:\/\/primorac-podaca.com\/wp-content\/uploads\/2015\/03\/DSF0173-300x201.jpg\" alt=\"_DSF0173\" width=\"300\" height=\"201\" srcset=\"https:\/\/primorac-podaca.com\/wp-content\/uploads\/2015\/03\/DSF0173-300x201.jpg 300w, https:\/\/primorac-podaca.com\/wp-content\/uploads\/2015\/03\/DSF0173.jpg 1024w\" sizes=\"(max-width: 300px) 100vw, 300px\" \/><\/a><a href=\"http:\/\/primorac-podaca.com\/wp-content\/uploads\/2015\/03\/DSF01701.jpg\"><img loading=\"lazy\" class=\"alignnone size-medium wp-image-1940\" src=\"http:\/\/primorac-podaca.com\/wp-content\/uploads\/2015\/03\/DSF01701-300x201.jpg\" alt=\"_DSF0170\" width=\"300\" height=\"201\" srcset=\"https:\/\/primorac-podaca.com\/wp-content\/uploads\/2015\/03\/DSF01701-300x201.jpg 300w, https:\/\/primorac-podaca.com\/wp-content\/uploads\/2015\/03\/DSF01701.jpg 1024w\" sizes=\"(max-width: 300px) 100vw, 300px\" \/><\/a><a href=\"http:\/\/primorac-podaca.com\/wp-content\/uploads\/2015\/03\/DSF0174.jpg\"><img loading=\"lazy\" class=\"alignnone size-medium wp-image-1928\" src=\"http:\/\/primorac-podaca.com\/wp-content\/uploads\/2015\/03\/DSF0174-300x201.jpg\" alt=\"_DSF0174\" width=\"300\" height=\"201\" srcset=\"https:\/\/primorac-podaca.com\/wp-content\/uploads\/2015\/03\/DSF0174-300x201.jpg 300w, https:\/\/primorac-podaca.com\/wp-content\/uploads\/2015\/03\/DSF0174.jpg 1024w\" sizes=\"(max-width: 300px) 100vw, 300px\" \/><\/a><a href=\"http:\/\/primorac-podaca.com\/wp-content\/uploads\/2015\/03\/Plaza2.jpg\"><img loading=\"lazy\" class=\"alignnone size-medium wp-image-1922\" src=\"http:\/\/primorac-podaca.com\/wp-content\/uploads\/2015\/03\/Plaza2-300x201.jpg\" alt=\"Plaza2\" width=\"300\" height=\"201\" srcset=\"https:\/\/primorac-podaca.com\/wp-content\/uploads\/2015\/03\/Plaza2-300x201.jpg 300w, https:\/\/primorac-podaca.com\/wp-content\/uploads\/2015\/03\/Plaza2.jpg 1024w\" sizes=\"(max-width: 300px) 100vw, 300px\" \/><\/a><a href=\"http:\/\/primorac-podaca.com\/wp-content\/uploads\/2015\/03\/DSF0156.jpg\"><img loading=\"lazy\" class=\"alignnone size-medium wp-image-1934\" src=\"http:\/\/primorac-podaca.com\/wp-content\/uploads\/2015\/03\/DSF0156-300x201.jpg\" alt=\"_DSF0156\" width=\"300\" height=\"201\" srcset=\"https:\/\/primorac-podaca.com\/wp-content\/uploads\/2015\/03\/DSF0156-300x201.jpg 300w, https:\/\/primorac-podaca.com\/wp-content\/uploads\/2015\/03\/DSF0156.jpg 1024w\" sizes=\"(max-width: 300px) 100vw, 300px\" \/><\/a><\/p>\n","protected":false},"excerpt":{"rendered":"<p>Podaca je turistick\u00e9 m\u00edsto nach\u00e1zej\u00edc\u00ed se p\u0159i jadransk\u00e9 magistr\u00e1le 2 kilometry v\u00fdchodn\u011b od Zaostrogu. Podaca se skl\u00e1d\u00e1 ze t\u0159\u00ed vesni\u010dek: Kape\u0107, Viskovi\u0107a vala a Ravanje s celkem 660 obyvateli. Obyvatelstvo [&hellip;]<\/p>\n","protected":false},"author":4,"featured_media":0,"parent":0,"menu_order":0,"comment_status":"closed","ping_status":"closed","template":"page-fullwidth.php","meta":[],"_links":{"self":[{"href":"https:\/\/primorac-podaca.com\/cs\/wp-json\/wp\/v2\/pages\/287"}],"collection":[{"href":"https:\/\/primorac-podaca.com\/cs\/wp-json\/wp\/v2\/pages"}],"about":[{"href":"https:\/\/primorac-podaca.com\/cs\/wp-json\/wp\/v2\/types\/page"}],"author":[{"embeddable":true,"href":"https:\/\/primorac-podaca.com\/cs\/wp-json\/wp\/v2\/users\/4"}],"replies":[{"embeddable":true,"href":"https:\/\/primorac-podaca.com\/cs\/wp-json\/wp\/v2\/comments?post=287"}],"version-history":[{"count":1,"href":"https:\/\/primorac-podaca.com\/cs\/wp-json\/wp\/v2\/pages\/287\/revisions"}],"predecessor-version":[{"id":1982,"href":"https:\/\/primorac-podaca.com\/cs\/wp-json\/wp\/v2\/pages\/287\/revisions\/1982"}],"wp:attachment":[{"href":"https:\/\/primorac-podaca.com\/cs\/wp-json\/wp\/v2\/media?parent=287"}],"curies":[{"name":"wp","href":"https:\/\/api.w.org\/{rel}","templated":true}]}}