{"id":299,"date":"2015-03-30T20:43:17","date_gmt":"2015-03-30T20:43:17","guid":{"rendered":"http:\/\/primorac-podaca.com\/izleti-2\/"},"modified":"2018-12-21T16:59:39","modified_gmt":"2018-12-21T16:59:39","slug":"vylety","status":"publish","type":"page","link":"https:\/\/primorac-podaca.com\/cs\/vylety\/","title":{"rendered":"V\u00fdlety"},"content":{"rendered":"<p><a href=\"http:\/\/primorac-podaca.com\/wp-content\/uploads\/2015\/03\/Vodopad-Kravice-1.jpg\"><img loading=\"lazy\" class=\"alignnone wp-image-1511\" src=\"http:\/\/primorac-podaca.com\/wp-content\/uploads\/2015\/03\/Vodopad-Kravice-1-300x200.jpg\" alt=\"Vodopad-Kravice-1\" width=\"235\" height=\"156\" srcset=\"https:\/\/primorac-podaca.com\/wp-content\/uploads\/2015\/03\/Vodopad-Kravice-1-300x200.jpg 300w, https:\/\/primorac-podaca.com\/wp-content\/uploads\/2015\/03\/Vodopad-Kravice-1.jpg 1000w\" sizes=\"(max-width: 235px) 100vw, 235px\" \/><\/a><a href=\"http:\/\/primorac-podaca.com\/wp-content\/uploads\/2015\/03\/vino-tours-foto-1.jpg\"><img loading=\"lazy\" class=\"alignnone wp-image-1555\" src=\"http:\/\/primorac-podaca.com\/wp-content\/uploads\/2015\/03\/vino-tours-foto-1-300x187.jpg\" alt=\"vino tours foto 1\" width=\"235\" height=\"146\" srcset=\"https:\/\/primorac-podaca.com\/wp-content\/uploads\/2015\/03\/vino-tours-foto-1-300x187.jpg 300w, https:\/\/primorac-podaca.com\/wp-content\/uploads\/2015\/03\/vino-tours-foto-1-1024x640.jpg 1024w, https:\/\/primorac-podaca.com\/wp-content\/uploads\/2015\/03\/vino-tours-foto-1.jpg 1100w\" sizes=\"(max-width: 235px) 100vw, 235px\" \/><\/a><a href=\"http:\/\/primorac-podaca.com\/wp-content\/uploads\/2015\/03\/mostar10.jpg\"><img loading=\"lazy\" class=\"alignnone wp-image-1473\" src=\"http:\/\/primorac-podaca.com\/wp-content\/uploads\/2015\/03\/mostar10-300x190.jpg\" alt=\"mostar10\" width=\"237\" height=\"150\" srcset=\"https:\/\/primorac-podaca.com\/wp-content\/uploads\/2015\/03\/mostar10-300x190.jpg 300w, https:\/\/primorac-podaca.com\/wp-content\/uploads\/2015\/03\/mostar10.jpg 960w\" sizes=\"(max-width: 237px) 100vw, 237px\" \/><\/a><\/p>\n<div id=\"gt-res-content\" class=\"almost_half_cell\">\n<div dir=\"ltr\"><span id=\"result_box\" class=\"\" lang=\"cs\"><span class=\"hps\">V\u00ddLETY<\/span><br \/>\n<span class=\"hps\">Vodop\u00e1dy<\/span> Kravice<br \/>\n<span class=\"hps\">Hvar<\/span> <span class=\"hps\">a Kor\u010dula<\/span><br \/>\n<span class=\"hps\">V\u00edno<\/span> <span class=\"hps\">turn\u00e9<\/span> <span class=\"hps\">v<\/span> <span class=\"hps\">Hercegovin\u011b<\/span><br \/>\n<span class=\"hps\">Mostar<\/span><br \/>\n<span class=\"hps\">Medjugorje<\/span><br \/>\n<span class=\"hps\">Canoe<\/span> <span class=\"hps\">Safari Trebi\u017eat<br \/>\n<\/span><\/span><\/div>\n<\/div>\n","protected":false},"excerpt":{"rendered":"<p>V\u00ddLETY Vodop\u00e1dy Kravice Hvar a Kor\u010dula V\u00edno turn\u00e9 v Hercegovin\u011b Mostar Medjugorje Canoe Safari Trebi\u017eat<\/p>\n","protected":false},"author":4,"featured_media":0,"parent":0,"menu_order":0,"comment_status":"closed","ping_status":"closed","template":"page-fullwidth.php","meta":[],"_links":{"self":[{"href":"https:\/\/primorac-podaca.com\/cs\/wp-json\/wp\/v2\/pages\/299"}],"collection":[{"href":"https:\/\/primorac-podaca.com\/cs\/wp-json\/wp\/v2\/pages"}],"about":[{"href":"https:\/\/primorac-podaca.com\/cs\/wp-json\/wp\/v2\/types\/page"}],"author":[{"embeddable":true,"href":"https:\/\/primorac-podaca.com\/cs\/wp-json\/wp\/v2\/users\/4"}],"replies":[{"embeddable":true,"href":"https:\/\/primorac-podaca.com\/cs\/wp-json\/wp\/v2\/comments?post=299"}],"version-history":[{"count":1,"href":"https:\/\/primorac-podaca.com\/cs\/wp-json\/wp\/v2\/pages\/299\/revisions"}],"predecessor-version":[{"id":2720,"href":"https:\/\/primorac-podaca.com\/cs\/wp-json\/wp\/v2\/pages\/299\/revisions\/2720"}],"wp:attachment":[{"href":"https:\/\/primorac-podaca.com\/cs\/wp-json\/wp\/v2\/media?parent=299"}],"curies":[{"name":"wp","href":"https:\/\/api.w.org\/{rel}","templated":true}]}}