{"id":261,"date":"2015-03-30T20:40:54","date_gmt":"2015-03-30T20:40:54","guid":{"rendered":"http:\/\/primorac-podaca.com\/naslovna-2\/"},"modified":"2018-12-20T15:41:16","modified_gmt":"2018-12-20T15:41:16","slug":"naslovna","status":"publish","type":"page","link":"https:\/\/primorac-podaca.com\/de\/","title":{"rendered":"Home"},"content":{"rendered":"<div class=\"twelve columns alpha add-bottom\">\n<div class=\"box-ig\">Willkommen in Podaca<\/div>\n<ul class=\"rc_list rc_posts\"><li><div class=\"hover panel\"><div class=\"front\"><img src=\"https:\/\/primorac-podaca.com\/wp-content\/uploads\/2015\/04\/A5-finale-11a-448x290.jpg\"\/><div class=\"postType gallery_post\"><\/div><\/div><div class=\"back\"><div class=\"pad\"><h2>Apartment A5<\/h2><span class=\"date\">2. April 2015<\/span><p>Das Apartment A5 (2+1) verf\u00fcgt \u00fcber zwei Betten ( King-size Bett 190&#215;160 und Einzelbett 190&#215;80 cm), die ausger\u00fcstete K\u00fcche, ..<\/p><a class=\"standard_button small\" href=\"https:\/\/primorac-podaca.com\/de\/wohnung-a5\/\">JETZT BUCHEN<\/a><\/div><\/div><\/div><\/li><li><div class=\"hover panel\"><div class=\"front\"><img src=\"https:\/\/primorac-podaca.com\/wp-content\/uploads\/2015\/04\/A6-448x290.jpg\"\/><div class=\"postType gallery_post\"><\/div><\/div><div class=\"back\"><div class=\"pad\"><h2>Apartment A6<\/h2><span class=\"date\">2. April 2015<\/span><p>Das Apartment A5 (2+1) verf\u00fcgt \u00fcber zwei Betten ( King-size Bett 190&#215;160 und Einzelbett 190&#215;80 cm), die ausger\u00fcstete K\u00fcche, ..<\/p><a class=\"standard_button small\" href=\"https:\/\/primorac-podaca.com\/de\/wohnung-a6\/\">JETZT BUCHEN<\/a><\/div><\/div><\/div><\/li><li><div class=\"hover panel\"><div class=\"front\"><img src=\"https:\/\/primorac-podaca.com\/wp-content\/uploads\/2015\/04\/A7-finale-1-448x290.jpg\"\/><div class=\"postType gallery_post\"><\/div><\/div><div class=\"back\"><div class=\"pad\"><h2>Apartment A7<\/h2><span class=\"date\">2. April 2015<\/span><p>Das Apartment A7 (3+1) verf\u00fcgt \u00fcber drei Betten ( ein King-size Bett 190&#215;160 und zwei Einzelbette 190&#215;80 cm), die ausger\u00fcstet..<\/p><a class=\"standard_button small\" href=\"https:\/\/primorac-podaca.com\/de\/wohnung-a7\/\">JETZT BUCHEN<\/a><\/div><\/div><\/div><\/li><li><div class=\"hover panel\"><div class=\"front\"><img src=\"https:\/\/primorac-podaca.com\/wp-content\/uploads\/2015\/04\/A9-finale-1-448x290.jpg\"\/><div class=\"postType gallery_post\"><\/div><\/div><div class=\"back\"><div class=\"pad\"><h2>Apartment A9<\/h2><span class=\"date\">2. April 2015<\/span><p>Das Apartment A9 (3+1) verf\u00fcgt \u00fcber drei Betten ( ein King-size Bett 190&#215;160 und zwei Einzelbette 190&#215;80 cm und 180&#215;70), ..<\/p><a class=\"standard_button small\" href=\"https:\/\/primorac-podaca.com\/de\/wohnung-a9\/\">JETZT BUCHEN<\/a><\/div><\/div><\/div><\/li><li><div class=\"hover panel\"><div class=\"front\"><img src=\"https:\/\/primorac-podaca.com\/wp-content\/uploads\/2015\/04\/A10-finale-1-448x290.jpg\"\/><div class=\"postType gallery_post\"><\/div><\/div><div class=\"back\"><div class=\"pad\"><h2>Apartment A10<\/h2><span class=\"date\">2. April 2015<\/span><p>Das Apartment A10 (2+1) verf\u00fcgt \u00fcber zwei Betten ( ein King-size Bett 190&#215;160 und ein Einzelbette 190&#215;80 cm), die ausger\u00fcstet..<\/p><a class=\"standard_button small\" href=\"https:\/\/primorac-podaca.com\/de\/wohnung-a10\/\">JETZT BUCHEN<\/a><\/div><\/div><\/div><\/li><li><div class=\"hover panel\"><div class=\"front\"><img src=\"https:\/\/primorac-podaca.com\/wp-content\/uploads\/2015\/04\/S3-finale1-448x290.jpg\"\/><div class=\"postType gallery_post\"><\/div><\/div><div class=\"back\"><div class=\"pad\"><h2>ZIMMER S3<\/h2><span class=\"date\">2. April 2015<\/span><p>Das Zimmer S3 (2+1) verf\u00fcgt \u00fcber zwei Betten ( ein King-size Bett 190&#215;160 und ein Einzelbette 190&#215;80 cm),\u00a0 das Badezimmer mit..<\/p><a class=\"standard_button small\" href=\"https:\/\/primorac-podaca.com\/de\/zimmer-s3\/\">JETZT BUCHEN<\/a><\/div><\/div><\/div><\/li><li><div class=\"hover panel\"><div class=\"front\"><img src=\"https:\/\/primorac-podaca.com\/wp-content\/uploads\/2015\/04\/S4-448x290.jpg\"\/><div class=\"postType gallery_post\"><\/div><\/div><div class=\"back\"><div class=\"pad\"><h2>ZIMMER S4<\/h2><span class=\"date\">2. April 2015<\/span><p>Das Zimmer S4 (1+1) verf\u00fcgt &gt;\u00fcber zwei Einzelbetten (190 x70 cm),\u00a0das Badezimmer mit der Dusche,\u00a0 den Balkon, TV Sat und WI FI Inte..<\/p><a class=\"standard_button small\" href=\"https:\/\/primorac-podaca.com\/de\/zimmer-s4\/\">JETZT BUCHEN<\/a><\/div><\/div><\/div><\/li><li><div class=\"hover panel\"><div class=\"front\"><img src=\"https:\/\/primorac-podaca.com\/wp-content\/uploads\/2015\/04\/S8-finale-11-448x290.jpg\"\/><div class=\"postType gallery_post\"><\/div><\/div><div class=\"back\"><div class=\"pad\"><h2>ZIMMER S8<\/h2><span class=\"date\">2. April 2015<\/span><p>Das Zimmer S8 (2) verf\u00fcgt \u00fcber\u00a0 ein King-size Bett 190&#215;160,\u00a0 das Badezimmer mit der Dusche, den Balkon mit dem Meeresblick, TV Sa..<\/p><a class=\"standard_button small\" href=\"https:\/\/primorac-podaca.com\/de\/zimmer-s8\/\">JETZT BUCHEN<\/a><\/div><\/div><\/div><\/li><\/ul>\n<\/div>\n<div class=\"four columns omega add-bottom\">\n<div class=\"item-title-bg\">\n<p><strong>PRIMORAC APARTMENTS ***<\/strong><\/p>\n<\/div>\n<div class=\"text-widget-ig\">\n<p style=\"text-align: justify;\">sind in einer malerischen dalmatinischen Ortschaft Podaca (Makarska Riviera), 29 km von Makarska, 100 km von Dubrovnik und 60 km von Me\u0111ugorje gelegen. Das neulich renovierte Familenhaus verf\u00fcgt \u00fcber f\u00fcnf Apartments und drei Zimmer, insgesamt 24 Bette. Die Apartments haben eine ruhige Lage, ideal f\u00fcr den Familenurlaub, nur 250 Meter vom Strand entfernt. Unser Familienhaus besitz die Energizertifkat und die Apartmanen A7, A10, A9 und Zimmer 3 verf\u00fcgen uber die modernen Inverter Klimaanlagen. Podaca ist stoltz auf zwei kiesige Str\u00e4nde: Vala und Ravanje. Es gibt jede Menge Schatten auf die beiden Str\u00e4nden, die kleine dalmatinischen Kneiepen verborgen. Der atemberaubender Blick aus dem alten Dorf Podaca (400 Meter \u00fcber dem Meerespiegel)\u00a0auf die Inseln Hvar und Kor\u010dula und Peninsula Pelje\u0161ac bietet nach Schwimmen und Baden im klaren Wasser der Buchten von Vala und Ravanje\u00a0ein unvergessliches Erlebnis. Und am Ende des Tages\u00a0ein angenehmer Spaziergang den Str\u00e4nden entlang bis die Ortschaften Gradac und Zaostrog f\u00fchrt zu einem Traumurlaub.<\/p>\n<p style=\"text-align: justify;\"><strong>Wir sehen uns in Podaca!<\/strong><\/p>\n<\/div>\n<p><img loading=\"lazy\" class=\"alignnone size-full wp-image-1327\" src=\"http:\/\/primorac-podaca.com\/wp-content\/uploads\/2015\/04\/croatia_logo-e1429224239426.jpg\" alt=\"croatia_logo\" width=\"220\" height=\"98\" \/><br \/>\n<a href=\"http:\/\/www.ag-travel.org\"><img loading=\"lazy\" class=\"alignnone wp-image-2190\" src=\"http:\/\/primorac-podaca.com\/wp-content\/uploads\/2015\/03\/logo-ag-travel-png.-1.png\" alt=\"logo ag travel png. 1\" width=\"125\" height=\"138\" \/><\/a><\/p>\n<p style=\"text-align: center;\"><a href=\"http:\/\/www.ag-travel.org\" target=\"_blank\" rel=\"noopener\">www.ag-travel.org<\/a><\/p>\n<\/div><div class=\"clear\"><\/div>\n","protected":false},"excerpt":{"rendered":"","protected":false},"author":4,"featured_media":0,"parent":0,"menu_order":0,"comment_status":"closed","ping_status":"closed","template":"page-fullwidth.php","meta":[],"_links":{"self":[{"href":"https:\/\/primorac-podaca.com\/de\/wp-json\/wp\/v2\/pages\/261"}],"collection":[{"href":"https:\/\/primorac-podaca.com\/de\/wp-json\/wp\/v2\/pages"}],"about":[{"href":"https:\/\/primorac-podaca.com\/de\/wp-json\/wp\/v2\/types\/page"}],"author":[{"embeddable":true,"href":"https:\/\/primorac-podaca.com\/de\/wp-json\/wp\/v2\/users\/4"}],"replies":[{"embeddable":true,"href":"https:\/\/primorac-podaca.com\/de\/wp-json\/wp\/v2\/comments?post=261"}],"version-history":[{"count":2,"href":"https:\/\/primorac-podaca.com\/de\/wp-json\/wp\/v2\/pages\/261\/revisions"}],"predecessor-version":[{"id":2711,"href":"https:\/\/primorac-podaca.com\/de\/wp-json\/wp\/v2\/pages\/261\/revisions\/2711"}],"wp:attachment":[{"href":"https:\/\/primorac-podaca.com\/de\/wp-json\/wp\/v2\/media?parent=261"}],"curies":[{"name":"wp","href":"https:\/\/api.w.org\/{rel}","templated":true}]}}