{"id":297,"date":"2015-03-30T20:43:17","date_gmt":"2015-03-30T20:43:17","guid":{"rendered":"http:\/\/primorac-podaca.com\/izleti-2\/"},"modified":"2018-12-21T16:59:15","modified_gmt":"2018-12-21T16:59:15","slug":"excursions","status":"publish","type":"page","link":"https:\/\/primorac-podaca.com\/de\/excursions\/","title":{"rendered":"Ausfl\u00fcge"},"content":{"rendered":"<p><a href=\"http:\/\/primorac-podaca.com\/wp-content\/uploads\/2015\/03\/Vodopad-Kravice-1.jpg\"><img loading=\"lazy\" class=\"alignnone wp-image-1509\" src=\"http:\/\/primorac-podaca.com\/wp-content\/uploads\/2015\/03\/Vodopad-Kravice-1-300x200.jpg\" alt=\"Vodopad-Kravice-1\" width=\"245\" height=\"163\" srcset=\"https:\/\/primorac-podaca.com\/wp-content\/uploads\/2015\/03\/Vodopad-Kravice-1-300x200.jpg 300w, https:\/\/primorac-podaca.com\/wp-content\/uploads\/2015\/03\/Vodopad-Kravice-1.jpg 1000w\" sizes=\"(max-width: 245px) 100vw, 245px\" \/><\/a><a href=\"http:\/\/primorac-podaca.com\/wp-content\/uploads\/2015\/03\/mostar10.jpg\"><img loading=\"lazy\" class=\"alignnone wp-image-1471\" src=\"http:\/\/primorac-podaca.com\/wp-content\/uploads\/2015\/03\/mostar10-300x190.jpg\" alt=\"mostar10\" width=\"256\" height=\"162\" srcset=\"https:\/\/primorac-podaca.com\/wp-content\/uploads\/2015\/03\/mostar10-300x190.jpg 300w, https:\/\/primorac-podaca.com\/wp-content\/uploads\/2015\/03\/mostar10.jpg 960w\" sizes=\"(max-width: 256px) 100vw, 256px\" \/><\/a><a href=\"http:\/\/primorac-podaca.com\/wp-content\/uploads\/2015\/03\/vino-tours-foto-1.jpg\"><img loading=\"lazy\" class=\"alignnone wp-image-1552\" src=\"http:\/\/primorac-podaca.com\/wp-content\/uploads\/2015\/03\/vino-tours-foto-1-300x187.jpg\" alt=\"vino tours foto 1\" width=\"263\" height=\"164\" srcset=\"https:\/\/primorac-podaca.com\/wp-content\/uploads\/2015\/03\/vino-tours-foto-1-300x187.jpg 300w, https:\/\/primorac-podaca.com\/wp-content\/uploads\/2015\/03\/vino-tours-foto-1-1024x640.jpg 1024w, https:\/\/primorac-podaca.com\/wp-content\/uploads\/2015\/03\/vino-tours-foto-1.jpg 1100w\" sizes=\"(max-width: 263px) 100vw, 263px\" \/><\/a><\/p>\n<p>Ausfl\u00fcge<\/p>\n<p>F\u00fcr unsere G<span class=\"translate \">\u00e4<\/span>ste veranstalten wir Ausfl\u00fcge nach einem der bekantesten Wallfahrtsorte der Welt Me\u0111ugorje, sowie auch nach Mostar ( UNESCO die Alte Br\u00fccke ). Von den Karst-Wassef<span class=\"translate \">\u00e4<\/span>llen Kravice werden Sie verzaubert. Und am Ende lassen wir uns\u00a0 von der Rebweinen \u017dilavka und Blatina\u00a0 in den besten Kelereien von Herzegowina verf\u00fchren.<\/p>\n<p>F\u00fcr die Inselliebhaber bieten wir Botausfl\u00fcge\u00a0 &#8211; Insel Hvar und Kor\u010dula an.<\/p>\n","protected":false},"excerpt":{"rendered":"<p>Ausfl\u00fcge F\u00fcr unsere G\u00e4ste veranstalten wir Ausfl\u00fcge nach einem der bekantesten Wallfahrtsorte der Welt Me\u0111ugorje, sowie auch nach Mostar ( UNESCO die Alte Br\u00fccke ). Von den Karst-Wassef\u00e4llen Kravice werden [&hellip;]<\/p>\n","protected":false},"author":4,"featured_media":0,"parent":0,"menu_order":0,"comment_status":"closed","ping_status":"closed","template":"page-fullwidth.php","meta":[],"_links":{"self":[{"href":"https:\/\/primorac-podaca.com\/de\/wp-json\/wp\/v2\/pages\/297"}],"collection":[{"href":"https:\/\/primorac-podaca.com\/de\/wp-json\/wp\/v2\/pages"}],"about":[{"href":"https:\/\/primorac-podaca.com\/de\/wp-json\/wp\/v2\/types\/page"}],"author":[{"embeddable":true,"href":"https:\/\/primorac-podaca.com\/de\/wp-json\/wp\/v2\/users\/4"}],"replies":[{"embeddable":true,"href":"https:\/\/primorac-podaca.com\/de\/wp-json\/wp\/v2\/comments?post=297"}],"version-history":[{"count":2,"href":"https:\/\/primorac-podaca.com\/de\/wp-json\/wp\/v2\/pages\/297\/revisions"}],"predecessor-version":[{"id":2718,"href":"https:\/\/primorac-podaca.com\/de\/wp-json\/wp\/v2\/pages\/297\/revisions\/2718"}],"wp:attachment":[{"href":"https:\/\/primorac-podaca.com\/de\/wp-json\/wp\/v2\/media?parent=297"}],"curies":[{"name":"wp","href":"https:\/\/api.w.org\/{rel}","templated":true}]}}