{"id":294,"date":"2015-03-30T20:42:49","date_gmt":"2015-03-30T20:42:49","guid":{"rendered":"http:\/\/primorac-podaca.com\/podaca-2\/"},"modified":"2015-04-22T16:30:41","modified_gmt":"2015-04-22T16:30:41","slug":"podaca","status":"publish","type":"page","link":"https:\/\/primorac-podaca.com\/it\/podaca\/","title":{"rendered":"Podaca"},"content":{"rendered":"<p>Podaca \u00e8 il posto turistico situato lungo la strada Litoranea Adriatica, 2 km a est da Zaostrog. Podaca \u00e8 formata da tre piccoli casali: Kapec, Viskovica vala e Ravanje con 660 abitanti in totale. Gli abitanti sono orientati soprattutto verso il turismo, per\u00f2 si occupano anche di pesca, agricoltura e lavorazione di olive. Case, ville e appartamenti dotati di tutti i comfort e le strutture turistiche sono la base dello sviluppo turistico di Podaca. Vecchio villaggio Podaca sotto Biokovo \u00e8 quasi completamente abbandonato. Per la prima volta viene menzionato nel 1477. Sulla collina del vecchio villaggio, sotto la montagna, \u00e8 stata costruita la fortezza per la diffesa dai Turchi. Vicino, sul cimitero, si trova anche la chiesa di San Giovanni, costruita dai nobili Kacic. Oltre la chiesa di San Giorgio a Tu\u010depi, anche la chiesa di San Michele a Igrane \u00e8 considerata uno dei pi\u00f9 importanti monumenti della architettura del primo Medioevo. Presso l\u2019ingresso della chiesa, si trova la tomba con i nomi dei Kacic, mentre vicino si trova anche la stele medioevale. La chiesa di San Stefano del 1942 \u00e8 stata distrutta nel Settecento. Sullo stesso posto, nel 1772, \u00e8 stata costruita la chiesa attuale. Dopo il terremoto del 1962, vicino al mare \u00e8 stata costruita la chiesa della Madonna.<\/p>\n<p><a href=\"http:\/\/primorac-podaca.com\/wp-content\/uploads\/2015\/03\/Plaza4.jpg\"><img loading=\"lazy\" class=\"alignnone size-medium wp-image-1968\" src=\"http:\/\/primorac-podaca.com\/wp-content\/uploads\/2015\/03\/Plaza4-300x201.jpg\" alt=\"Plaza4\" width=\"300\" height=\"201\" srcset=\"https:\/\/primorac-podaca.com\/wp-content\/uploads\/2015\/03\/Plaza4-300x201.jpg 300w, https:\/\/primorac-podaca.com\/wp-content\/uploads\/2015\/03\/Plaza4.jpg 1024w\" sizes=\"(max-width: 300px) 100vw, 300px\" \/><\/a><a href=\"http:\/\/primorac-podaca.com\/wp-content\/uploads\/2015\/03\/Pogled4.jpg\"><img loading=\"lazy\" class=\"alignnone size-medium wp-image-1956\" src=\"http:\/\/primorac-podaca.com\/wp-content\/uploads\/2015\/03\/Pogled4-300x201.jpg\" alt=\"Pogled4\" width=\"300\" height=\"201\" srcset=\"https:\/\/primorac-podaca.com\/wp-content\/uploads\/2015\/03\/Pogled4-300x201.jpg 300w, https:\/\/primorac-podaca.com\/wp-content\/uploads\/2015\/03\/Pogled4.jpg 1024w\" sizes=\"(max-width: 300px) 100vw, 300px\" \/><\/a><a href=\"http:\/\/primorac-podaca.com\/wp-content\/uploads\/2015\/03\/stari-grad2.jpg\"><img loading=\"lazy\" class=\"alignnone size-medium wp-image-1950\" src=\"http:\/\/primorac-podaca.com\/wp-content\/uploads\/2015\/03\/stari-grad2-300x201.jpg\" alt=\"stari grad2\" width=\"300\" height=\"201\" srcset=\"https:\/\/primorac-podaca.com\/wp-content\/uploads\/2015\/03\/stari-grad2-300x201.jpg 300w, https:\/\/primorac-podaca.com\/wp-content\/uploads\/2015\/03\/stari-grad2.jpg 1024w\" sizes=\"(max-width: 300px) 100vw, 300px\" \/><\/a><a href=\"http:\/\/primorac-podaca.com\/wp-content\/uploads\/2015\/03\/Old_Town_OBVEZNO.jpg\"><img loading=\"lazy\" class=\"alignnone size-medium wp-image-1974\" src=\"http:\/\/primorac-podaca.com\/wp-content\/uploads\/2015\/03\/Old_Town_OBVEZNO-300x201.jpg\" alt=\"Old_Town_OBVEZNO\" width=\"300\" height=\"201\" srcset=\"https:\/\/primorac-podaca.com\/wp-content\/uploads\/2015\/03\/Old_Town_OBVEZNO-300x201.jpg 300w, https:\/\/primorac-podaca.com\/wp-content\/uploads\/2015\/03\/Old_Town_OBVEZNO.jpg 1024w\" sizes=\"(max-width: 300px) 100vw, 300px\" \/><\/a><a href=\"http:\/\/primorac-podaca.com\/wp-content\/uploads\/2015\/03\/DSF0173.jpg\"><img loading=\"lazy\" class=\"alignnone size-medium wp-image-1944\" src=\"http:\/\/primorac-podaca.com\/wp-content\/uploads\/2015\/03\/DSF0173-300x201.jpg\" alt=\"_DSF0173\" width=\"300\" height=\"201\" srcset=\"https:\/\/primorac-podaca.com\/wp-content\/uploads\/2015\/03\/DSF0173-300x201.jpg 300w, https:\/\/primorac-podaca.com\/wp-content\/uploads\/2015\/03\/DSF0173.jpg 1024w\" sizes=\"(max-width: 300px) 100vw, 300px\" \/><\/a><a href=\"http:\/\/primorac-podaca.com\/wp-content\/uploads\/2015\/03\/DSF01701.jpg\"><img loading=\"lazy\" class=\"alignnone size-medium wp-image-1938\" src=\"http:\/\/primorac-podaca.com\/wp-content\/uploads\/2015\/03\/DSF01701-300x201.jpg\" alt=\"_DSF0170\" width=\"300\" height=\"201\" srcset=\"https:\/\/primorac-podaca.com\/wp-content\/uploads\/2015\/03\/DSF01701-300x201.jpg 300w, https:\/\/primorac-podaca.com\/wp-content\/uploads\/2015\/03\/DSF01701.jpg 1024w\" sizes=\"(max-width: 300px) 100vw, 300px\" \/><\/a><a href=\"http:\/\/primorac-podaca.com\/wp-content\/uploads\/2015\/03\/DSF0156.jpg\"><img loading=\"lazy\" class=\"alignnone size-medium wp-image-1932\" src=\"http:\/\/primorac-podaca.com\/wp-content\/uploads\/2015\/03\/DSF0156-300x201.jpg\" alt=\"_DSF0156\" width=\"300\" height=\"201\" srcset=\"https:\/\/primorac-podaca.com\/wp-content\/uploads\/2015\/03\/DSF0156-300x201.jpg 300w, https:\/\/primorac-podaca.com\/wp-content\/uploads\/2015\/03\/DSF0156.jpg 1024w\" sizes=\"(max-width: 300px) 100vw, 300px\" \/><\/a><a href=\"http:\/\/primorac-podaca.com\/wp-content\/uploads\/2015\/03\/DSF0174.jpg\"><img loading=\"lazy\" class=\"alignnone size-medium wp-image-1926\" src=\"http:\/\/primorac-podaca.com\/wp-content\/uploads\/2015\/03\/DSF0174-300x201.jpg\" alt=\"_DSF0174\" width=\"300\" height=\"201\" srcset=\"https:\/\/primorac-podaca.com\/wp-content\/uploads\/2015\/03\/DSF0174-300x201.jpg 300w, https:\/\/primorac-podaca.com\/wp-content\/uploads\/2015\/03\/DSF0174.jpg 1024w\" sizes=\"(max-width: 300px) 100vw, 300px\" \/><\/a><a href=\"http:\/\/primorac-podaca.com\/wp-content\/uploads\/2015\/03\/Plaza2.jpg\"><img loading=\"lazy\" class=\"alignnone size-medium wp-image-1920\" src=\"http:\/\/primorac-podaca.com\/wp-content\/uploads\/2015\/03\/Plaza2-300x201.jpg\" alt=\"Plaza2\" width=\"300\" height=\"201\" srcset=\"https:\/\/primorac-podaca.com\/wp-content\/uploads\/2015\/03\/Plaza2-300x201.jpg 300w, https:\/\/primorac-podaca.com\/wp-content\/uploads\/2015\/03\/Plaza2.jpg 1024w\" sizes=\"(max-width: 300px) 100vw, 300px\" \/><\/a><a href=\"http:\/\/primorac-podaca.com\/wp-content\/uploads\/2015\/03\/Povijest1.jpg\"><img loading=\"lazy\" class=\"alignnone size-medium wp-image-1962\" src=\"http:\/\/primorac-podaca.com\/wp-content\/uploads\/2015\/03\/Povijest1-300x201.jpg\" alt=\"Povijest1\" width=\"300\" height=\"201\" srcset=\"https:\/\/primorac-podaca.com\/wp-content\/uploads\/2015\/03\/Povijest1-300x201.jpg 300w, https:\/\/primorac-podaca.com\/wp-content\/uploads\/2015\/03\/Povijest1.jpg 1024w\" sizes=\"(max-width: 300px) 100vw, 300px\" \/><\/a><\/p>\n","protected":false},"excerpt":{"rendered":"<p>Podaca \u00e8 il posto turistico situato lungo la strada Litoranea Adriatica, 2 km a est da Zaostrog. Podaca \u00e8 formata da tre piccoli casali: Kapec, Viskovica vala e Ravanje con [&hellip;]<\/p>\n","protected":false},"author":4,"featured_media":0,"parent":0,"menu_order":0,"comment_status":"closed","ping_status":"closed","template":"page-fullwidth.php","meta":[],"_links":{"self":[{"href":"https:\/\/primorac-podaca.com\/it\/wp-json\/wp\/v2\/pages\/294"}],"collection":[{"href":"https:\/\/primorac-podaca.com\/it\/wp-json\/wp\/v2\/pages"}],"about":[{"href":"https:\/\/primorac-podaca.com\/it\/wp-json\/wp\/v2\/types\/page"}],"author":[{"embeddable":true,"href":"https:\/\/primorac-podaca.com\/it\/wp-json\/wp\/v2\/users\/4"}],"replies":[{"embeddable":true,"href":"https:\/\/primorac-podaca.com\/it\/wp-json\/wp\/v2\/comments?post=294"}],"version-history":[{"count":1,"href":"https:\/\/primorac-podaca.com\/it\/wp-json\/wp\/v2\/pages\/294\/revisions"}],"predecessor-version":[{"id":1981,"href":"https:\/\/primorac-podaca.com\/it\/wp-json\/wp\/v2\/pages\/294\/revisions\/1981"}],"wp:attachment":[{"href":"https:\/\/primorac-podaca.com\/it\/wp-json\/wp\/v2\/media?parent=294"}],"curies":[{"name":"wp","href":"https:\/\/api.w.org\/{rel}","templated":true}]}}