{"id":264,"date":"2015-03-30T20:40:54","date_gmt":"2015-03-30T20:40:54","guid":{"rendered":"http:\/\/primorac-podaca.com\/naslovna-2\/"},"modified":"2018-12-20T15:42:25","modified_gmt":"2018-12-20T15:42:25","slug":"naslovna","status":"publish","type":"page","link":"https:\/\/primorac-podaca.com\/pl\/","title":{"rendered":"S-g\u0142\u00f3wna"},"content":{"rendered":"<div class=\"twelve columns alpha add-bottom\">\n<div class=\"box-ig\"><span id=\"result_box\" class=\"short_text\" lang=\"pl\"><span class=\"hps\">Zapraszamy do Podaca<\/span><\/span><\/div>\n<ul class=\"rc_list rc_posts\"><li><div class=\"hover panel\"><div class=\"front\"><img src=\"https:\/\/primorac-podaca.com\/wp-content\/uploads\/2015\/04\/A5-finale-11a-448x290.jpg\"\/><div class=\"postType gallery_post\"><\/div><\/div><div class=\"back\"><div class=\"pad\"><h2>APARTAMENT A5<\/h2><span class=\"date\">2. April 2015<\/span><p>Apartament A5 (2+1) oferuje 2 \u0142\u00f3\u017cka (\u0142\u00f3\u017cko ma\u0142\u017ce\u0144skie 190&#215;160 oraz \u0142\u00f3\u017cko pojedyncze 190&#215;80 cm), wyposa\u017con\u0105 kuchnie..<\/p><a class=\"standard_button small\" href=\"https:\/\/primorac-podaca.com\/pl\/apartament-a5\/\">ZAREZERWUJ TERAZ<\/a><\/div><\/div><\/div><\/li><li><div class=\"hover panel\"><div class=\"front\"><img src=\"https:\/\/primorac-podaca.com\/wp-content\/uploads\/2015\/04\/A6-448x290.jpg\"\/><div class=\"postType gallery_post\"><\/div><\/div><div class=\"back\"><div class=\"pad\"><h2>APARTAMENT A6<\/h2><span class=\"date\">2. April 2015<\/span><p>Apartament A6 (2+1) oferuje 2 \u0142\u00f3\u017cka (\u0142\u00f3\u017cko ma\u0142\u017ce\u0144skie 190&#215;160 oraz \u0142\u00f3\u017cko pojedyncze 190&#215;80 cm), wyposa\u017con\u0105 kuchnie..<\/p><a class=\"standard_button small\" href=\"https:\/\/primorac-podaca.com\/pl\/apartament-a6\/\">ZAREZERWUJ TERAZ<\/a><\/div><\/div><\/div><\/li><li><div class=\"hover panel\"><div class=\"front\"><img src=\"https:\/\/primorac-podaca.com\/wp-content\/uploads\/2015\/04\/A7-finale-1-448x290.jpg\"\/><div class=\"postType gallery_post\"><\/div><\/div><div class=\"back\"><div class=\"pad\"><h2>APARTAMENT A7<\/h2><span class=\"date\">2. April 2015<\/span><p>Apartament A7 (3+1) oferuje 3 \u0142\u00f3\u017cka ( \u0142\u00f3\u017cko ma\u0142\u017ce\u0144skie 190&#215;160 oraz 2 \u0142\u00f3\u017cka pojedyncze 190&#215;80 cm), wyposa\u017con\u0105 kuch..<\/p><a class=\"standard_button small\" href=\"https:\/\/primorac-podaca.com\/pl\/apartament-a7\/\">ZAREZERWUJ TERAZ<\/a><\/div><\/div><\/div><\/li><li><div class=\"hover panel\"><div class=\"front\"><img src=\"https:\/\/primorac-podaca.com\/wp-content\/uploads\/2015\/04\/A9-finale-1-448x290.jpg\"\/><div class=\"postType gallery_post\"><\/div><\/div><div class=\"back\"><div class=\"pad\"><h2>APARTAMENT A9<\/h2><span class=\"date\">2. April 2015<\/span><p>Apartament A9 (3+1) oferuje 3 \u0142\u00f3\u017cka ( \u0142\u00f3\u017cko ma\u0142\u017ce\u0144skie 190&#215;160 oraz 2 \u0142\u00f3\u017cka pojedyncze 190&#215;80 i 180x70cm\u00a0 ), wyposa..<\/p><a class=\"standard_button small\" href=\"https:\/\/primorac-podaca.com\/pl\/apartament-a9\/\">ZAREZERWUJ TERAZ<\/a><\/div><\/div><\/div><\/li><li><div class=\"hover panel\"><div class=\"front\"><img src=\"https:\/\/primorac-podaca.com\/wp-content\/uploads\/2015\/04\/A10-finale-1-448x290.jpg\"\/><div class=\"postType gallery_post\"><\/div><\/div><div class=\"back\"><div class=\"pad\"><h2>APARTAMENT A10<\/h2><span class=\"date\">2. April 2015<\/span><p>Apartament A10 (2+1) oferuje 2 \u0142\u00f3\u017cka (\u0142\u00f3\u017cko ma\u0142\u017ce\u0144skie 190&#215;160 oraz \u0142\u00f3\u017cko pojedyncze 190&#215;80 cm), wyposa\u017con\u0105 kuchni..<\/p><a class=\"standard_button small\" href=\"https:\/\/primorac-podaca.com\/pl\/apartament-a10\/\">ZAREZERWUJ TERAZ<\/a><\/div><\/div><\/div><\/li><li><div class=\"hover panel\"><div class=\"front\"><img src=\"https:\/\/primorac-podaca.com\/wp-content\/uploads\/2015\/04\/S3-finale1-448x290.jpg\"\/><div class=\"postType gallery_post\"><\/div><\/div><div class=\"back\"><div class=\"pad\"><h2>POK\u00d3J S3<\/h2><span class=\"date\">2. April 2015<\/span><p>Pok\u00f3j S3 (2+1) oferuje 2 \u0142\u00f3\u017cka (\u0142\u00f3\u017cko ma\u0142\u017ce\u0144skie 190x160 oraz \u0142\u00f3\u017cko pojedyncze190x80 cm), \u0142azienk\u0119 z prysznicem, lod\u00f3wk\u0119,..<\/p><a class=\"standard_button small\" href=\"https:\/\/primorac-podaca.com\/pl\/pokoj-s3\/\">ZAREZERWUJ TERAZ<\/a><\/div><\/div><\/div><\/li><li><div class=\"hover panel\"><div class=\"front\"><img src=\"https:\/\/primorac-podaca.com\/wp-content\/uploads\/2015\/04\/S4-448x290.jpg\"\/><div class=\"postType gallery_post\"><\/div><\/div><div class=\"back\"><div class=\"pad\"><h2>POK\u00d3J S4<\/h2><span class=\"date\">2. April 2015<\/span><p>Pok\u00f3j S4 (1+1) oferuje 2 \u0142\u00f3\u017cka (\u0142\u00f3\u017cko pojedyncze 190&#215;80 cm), \u0142azienk\u0119 z prysznicem, lod\u00f3wk\u0119, balkon , TV Sat i wi-fi.. W c..<\/p><a class=\"standard_button small\" href=\"https:\/\/primorac-podaca.com\/pl\/pokoj-s4\/\">ZAREZERWUJ TERAZ<\/a><\/div><\/div><\/div><\/li><li><div class=\"hover panel\"><div class=\"front\"><img src=\"https:\/\/primorac-podaca.com\/wp-content\/uploads\/2015\/04\/S8-finale-11-448x290.jpg\"\/><div class=\"postType gallery_post\"><\/div><\/div><div class=\"back\"><div class=\"pad\"><h2>POK\u00d3J S8<\/h2><span class=\"date\">2. April 2015<\/span><p>Pok\u00f3j S8 (2) oferuje\u00a0 \u0142\u00f3\u017cko ma\u0142\u017ce\u0144skie 190&#215;160, \u0142azienk\u0119 z prysznicem, lod\u00f3wk\u0119, balkon , TV Sat i wi-fi.. W cenie zawarte..<\/p><a class=\"standard_button small\" href=\"https:\/\/primorac-podaca.com\/pl\/pokoj-s8\/\">ZAREZERWUJ TERAZ<\/a><\/div><\/div><\/div><\/li><\/ul>\n<\/div>\n<div class=\"four columns omega add-bottom\">\n<div class=\"item-title-bg\">\n<p><strong>PRIMORAC APARTAMENTY ***<\/strong><\/p>\n<\/div>\n<div class=\"text-widget-ig\">\n<p style=\"text-align: justify;\">Apartamenty Primorac *** , niedawno odnowiony, znajduje si\u0119 w ma\u0142ej miejscowo\u015bci Podaca ( 4 km od grac i 29 km od Makarskiej ) w g\u0142\u00f3wnej drogi , blisko morza (250 m) , jest toidealne miejsce na rodzinne wakacje . <span id=\"result_box\" class=\"\" lang=\"pl\"><span class=\"hps\">Nasz dom posiada<\/span> <span class=\"hps\">certyfikat energetyczny<\/span>, a wi\u0119kszo\u015b\u0107 <span class=\"hps\">apartament\u00f3w<\/span> <span class=\"hps\">wyposa\u017cony jest w nowoczesne<\/span> <span class=\"hps\">klimatach-\u00a0<\/span> <span class=\"hps\">Inverter<\/span>.<\/span> Dwie pla\u017ce &#8211; Vala i Ravanje s\u0105 klejnotami Podaca . Wycieczka do starej wsi Podaca ( 400 m npm) , kt\u00f3ra ma pi\u0119kny widok na p\u00f3\u0142wysep Peljesac i wyspy Hvar pozostanie niezapomniany. Modyfikacja szlak pieszy wzd\u0142u\u017c wybrze\u017ca do Brist i Gradac na wschodzie lub na zachodzie do Zaostorog . Wieczorem mo\u017cna odwiedzi\u0107 jedn\u0105 z ma\u0142ych rodzinnych pub\u00f3w w pobli\u017cu wybrze\u017ca z doskona\u0142ej lokalnej \u017cywno\u015bci &#8211; bardzo polecam dla naszych go\u015bci . I w ko\u0144cu , b\u0119dzie mo\u017cna pop\u0142ywa\u0107 w krystalicznie czystej wodzie i odpocz\u0105\u0107 w cieniu sosen &#8211; idealne wakacje&#8230;<\/p>\n<p style=\"text-align: justify;\"><strong>Do zobaczenia w Podaca!!!<\/strong><\/p>\n<\/div>\n<p>&nbsp;<\/p>\n<p><img loading=\"lazy\" class=\"alignnone size-full wp-image-1327\" src=\"http:\/\/primorac-podaca.com\/wp-content\/uploads\/2015\/04\/croatia_logo-e1429224239426.jpg\" alt=\"croatia_logo\" width=\"220\" height=\"98\" \/><\/p>\n<p><a href=\"http:\/\/www.ag-travel.org\"><img loading=\"lazy\" class=\"alignnone wp-image-2190\" src=\"http:\/\/primorac-podaca.com\/wp-content\/uploads\/2015\/03\/logo-ag-travel-png.-1.png\" alt=\"logo ag travel png. 1\" width=\"125\" height=\"138\" \/><\/a><\/p>\n<p style=\"text-align: center;\"><a href=\"http:\/\/www.ag-travel.org\" target=\"_blank\" rel=\"noopener\">www.ag-travel.org<\/a><\/p>\n<\/div><div class=\"clear\"><\/div>\n","protected":false},"excerpt":{"rendered":"","protected":false},"author":4,"featured_media":0,"parent":0,"menu_order":0,"comment_status":"closed","ping_status":"closed","template":"page-fullwidth.php","meta":[],"_links":{"self":[{"href":"https:\/\/primorac-podaca.com\/pl\/wp-json\/wp\/v2\/pages\/264"}],"collection":[{"href":"https:\/\/primorac-podaca.com\/pl\/wp-json\/wp\/v2\/pages"}],"about":[{"href":"https:\/\/primorac-podaca.com\/pl\/wp-json\/wp\/v2\/types\/page"}],"author":[{"embeddable":true,"href":"https:\/\/primorac-podaca.com\/pl\/wp-json\/wp\/v2\/users\/4"}],"replies":[{"embeddable":true,"href":"https:\/\/primorac-podaca.com\/pl\/wp-json\/wp\/v2\/comments?post=264"}],"version-history":[{"count":3,"href":"https:\/\/primorac-podaca.com\/pl\/wp-json\/wp\/v2\/pages\/264\/revisions"}],"predecessor-version":[{"id":2714,"href":"https:\/\/primorac-podaca.com\/pl\/wp-json\/wp\/v2\/pages\/264\/revisions\/2714"}],"wp:attachment":[{"href":"https:\/\/primorac-podaca.com\/pl\/wp-json\/wp\/v2\/media?parent=264"}],"curies":[{"name":"wp","href":"https:\/\/api.w.org\/{rel}","templated":true}]}}