{"id":288,"date":"2015-03-30T20:42:49","date_gmt":"2015-03-30T20:42:49","guid":{"rendered":"http:\/\/primorac-podaca.com\/podaca-2\/"},"modified":"2015-11-05T23:31:36","modified_gmt":"2015-11-05T23:31:36","slug":"podaca","status":"publish","type":"page","link":"https:\/\/primorac-podaca.com\/pl\/podaca\/","title":{"rendered":"Podaca"},"content":{"rendered":"<p>Podaca to miejscowo\u015b\u0107 turystyczna po\u0142o\u017cona u adriatyckiej drogi turystycznej o 2 kilometr\u00f3w na wsch\u00f3d od Zaostrogu. Podaca jest z\u0142o\u017cona z trzech wiosek: Kape\u0107, Viskovi\u0107a vala i Ravanje z ca\u0142kowit\u0105 liczb\u0105 od 660 mieszka\u0144c\u00f3w. Mieszka\u0144cy s\u0105 przewa\u017cnie orientowany na turystyk\u0119, ale zajmuj\u0105 si\u0119 i rybo\u0142\u00f3wstwem, rolnictwem i uprawianiem gaj\u00f3w oliwnych. Komfortowe domy, wille i apartamenty oraz kilka obiekt\u00f3w gastronomicznych stanowi\u0105 podstaw\u0119 rozwoju turystycznego Podaca. Stara osada Podaca pod klifami Biokova jest prawie zupe\u0142nie opuszczona. Po raz pierwszy wspomniana zosta\u0142a w roku 1477. Na wzg\u00f3rze w starej osadzie pod g\u00f3r\u0105, zosta\u0142a wzniesiona Wie\u017ca dla obrony przeciw Turkom, a w pobli\u017cu znajduje si\u0119 ko\u015bci\u00f3\u0142 \u015aw. Ivana na cmentarzu, kt\u00f3rego zbudowali arystokraci Ka\u010di\u0107i. Razem z ko\u015bcio\u0142em \u015aw. Jurja w Tu\u010depi i ko\u015bcio\u0142em \u015aw. Mihovilu w Igrane, to jeden z najwa\u017cniejszych pomnik\u00f3w \u015bredniowiecznej architektury w XII wieku. Przy wej\u015bciu do ko\u015bcio\u0142a znajduje si\u0119 p\u0142yta nagrobkowa z imionami Ka\u010di\u0107\u00f3w, a w pobli\u017cu znajduje si\u0119 \u015bredniowieczny pomnik nagrobny (pos\u0105g). Ko\u015bci\u00f3\u0142 \u015aw. Stjepana z roku 1492. zosta\u0142 zburzony w XVIII wieku. Na tym samym miejscu zbudowano w roku 1772. dzisiejszy ko\u015bci\u00f3\u0142. Po trzesieniu ziemi w roku 1962., przy morzu zosta\u0142 zbudowany ko\u015bci\u00f3\u0142 Gospa od Poho\u0111enja.<\/p>\n<p><a href=\"http:\/\/primorac-podaca.com\/wp-content\/uploads\/2015\/03\/stari-grad2.jpg\"><img loading=\"lazy\" class=\"alignnone size-medium wp-image-1953\" src=\"http:\/\/primorac-podaca.com\/wp-content\/uploads\/2015\/03\/stari-grad2-300x201.jpg\" alt=\"stari grad2\" width=\"300\" height=\"201\" srcset=\"https:\/\/primorac-podaca.com\/wp-content\/uploads\/2015\/03\/stari-grad2-300x201.jpg 300w, https:\/\/primorac-podaca.com\/wp-content\/uploads\/2015\/03\/stari-grad2.jpg 1024w\" sizes=\"(max-width: 300px) 100vw, 300px\" \/><\/a><a href=\"http:\/\/primorac-podaca.com\/wp-content\/uploads\/2015\/03\/DSF0173.jpg\"><img loading=\"lazy\" class=\"alignnone size-medium wp-image-1947\" src=\"http:\/\/primorac-podaca.com\/wp-content\/uploads\/2015\/03\/DSF0173-300x201.jpg\" alt=\"_DSF0173\" width=\"300\" height=\"201\" srcset=\"https:\/\/primorac-podaca.com\/wp-content\/uploads\/2015\/03\/DSF0173-300x201.jpg 300w, https:\/\/primorac-podaca.com\/wp-content\/uploads\/2015\/03\/DSF0173.jpg 1024w\" sizes=\"(max-width: 300px) 100vw, 300px\" \/><\/a><a href=\"http:\/\/primorac-podaca.com\/wp-content\/uploads\/2015\/03\/Pogled4.jpg\"><img loading=\"lazy\" class=\"alignnone size-medium wp-image-1959\" src=\"http:\/\/primorac-podaca.com\/wp-content\/uploads\/2015\/03\/Pogled4-300x201.jpg\" alt=\"Pogled4\" width=\"300\" height=\"201\" srcset=\"https:\/\/primorac-podaca.com\/wp-content\/uploads\/2015\/03\/Pogled4-300x201.jpg 300w, https:\/\/primorac-podaca.com\/wp-content\/uploads\/2015\/03\/Pogled4.jpg 1024w\" sizes=\"(max-width: 300px) 100vw, 300px\" \/><\/a><a href=\"http:\/\/primorac-podaca.com\/wp-content\/uploads\/2015\/03\/Povijest1.jpg\"><img loading=\"lazy\" class=\"alignnone size-medium wp-image-1965\" src=\"http:\/\/primorac-podaca.com\/wp-content\/uploads\/2015\/03\/Povijest1-300x201.jpg\" alt=\"Povijest1\" width=\"300\" height=\"201\" srcset=\"https:\/\/primorac-podaca.com\/wp-content\/uploads\/2015\/03\/Povijest1-300x201.jpg 300w, https:\/\/primorac-podaca.com\/wp-content\/uploads\/2015\/03\/Povijest1.jpg 1024w\" sizes=\"(max-width: 300px) 100vw, 300px\" \/><\/a><a href=\"http:\/\/primorac-podaca.com\/wp-content\/uploads\/2015\/03\/DSF01701.jpg\"><img loading=\"lazy\" class=\"alignnone size-medium wp-image-1941\" src=\"http:\/\/primorac-podaca.com\/wp-content\/uploads\/2015\/03\/DSF01701-300x201.jpg\" alt=\"_DSF0170\" width=\"300\" height=\"201\" srcset=\"https:\/\/primorac-podaca.com\/wp-content\/uploads\/2015\/03\/DSF01701-300x201.jpg 300w, https:\/\/primorac-podaca.com\/wp-content\/uploads\/2015\/03\/DSF01701.jpg 1024w\" sizes=\"(max-width: 300px) 100vw, 300px\" \/><\/a><a href=\"http:\/\/primorac-podaca.com\/wp-content\/uploads\/2015\/03\/DSF0156.jpg\"><img loading=\"lazy\" class=\"alignnone size-medium wp-image-1935\" src=\"http:\/\/primorac-podaca.com\/wp-content\/uploads\/2015\/03\/DSF0156-300x201.jpg\" alt=\"_DSF0156\" width=\"300\" height=\"201\" srcset=\"https:\/\/primorac-podaca.com\/wp-content\/uploads\/2015\/03\/DSF0156-300x201.jpg 300w, https:\/\/primorac-podaca.com\/wp-content\/uploads\/2015\/03\/DSF0156.jpg 1024w\" sizes=\"(max-width: 300px) 100vw, 300px\" \/><\/a><a href=\"http:\/\/primorac-podaca.com\/wp-content\/uploads\/2015\/03\/Old_Town_OBVEZNO.jpg\"><img loading=\"lazy\" class=\"alignnone size-medium wp-image-1977\" src=\"http:\/\/primorac-podaca.com\/wp-content\/uploads\/2015\/03\/Old_Town_OBVEZNO-300x201.jpg\" alt=\"Old_Town_OBVEZNO\" width=\"300\" height=\"201\" srcset=\"https:\/\/primorac-podaca.com\/wp-content\/uploads\/2015\/03\/Old_Town_OBVEZNO-300x201.jpg 300w, https:\/\/primorac-podaca.com\/wp-content\/uploads\/2015\/03\/Old_Town_OBVEZNO.jpg 1024w\" sizes=\"(max-width: 300px) 100vw, 300px\" \/><\/a><a href=\"http:\/\/primorac-podaca.com\/wp-content\/uploads\/2015\/03\/Plaza2.jpg\"><img loading=\"lazy\" class=\"alignnone size-medium wp-image-1923\" src=\"http:\/\/primorac-podaca.com\/wp-content\/uploads\/2015\/03\/Plaza2-300x201.jpg\" alt=\"Plaza2\" width=\"300\" height=\"201\" srcset=\"https:\/\/primorac-podaca.com\/wp-content\/uploads\/2015\/03\/Plaza2-300x201.jpg 300w, https:\/\/primorac-podaca.com\/wp-content\/uploads\/2015\/03\/Plaza2.jpg 1024w\" sizes=\"(max-width: 300px) 100vw, 300px\" \/><\/a><a href=\"http:\/\/primorac-podaca.com\/wp-content\/uploads\/2015\/03\/DSF0174.jpg\"><img loading=\"lazy\" class=\"alignnone size-medium wp-image-1929\" src=\"http:\/\/primorac-podaca.com\/wp-content\/uploads\/2015\/03\/DSF0174-300x201.jpg\" alt=\"_DSF0174\" width=\"300\" height=\"201\" srcset=\"https:\/\/primorac-podaca.com\/wp-content\/uploads\/2015\/03\/DSF0174-300x201.jpg 300w, https:\/\/primorac-podaca.com\/wp-content\/uploads\/2015\/03\/DSF0174.jpg 1024w\" sizes=\"(max-width: 300px) 100vw, 300px\" \/><\/a><a href=\"http:\/\/primorac-podaca.com\/wp-content\/uploads\/2015\/03\/Plaza4.jpg\"><img loading=\"lazy\" class=\"alignnone size-medium wp-image-1971\" src=\"http:\/\/primorac-podaca.com\/wp-content\/uploads\/2015\/03\/Plaza4-300x201.jpg\" alt=\"Plaza4\" width=\"300\" height=\"201\" srcset=\"https:\/\/primorac-podaca.com\/wp-content\/uploads\/2015\/03\/Plaza4-300x201.jpg 300w, https:\/\/primorac-podaca.com\/wp-content\/uploads\/2015\/03\/Plaza4.jpg 1024w\" sizes=\"(max-width: 300px) 100vw, 300px\" \/><\/a><\/p>\n","protected":false},"excerpt":{"rendered":"<p>Podaca to miejscowo\u015b\u0107 turystyczna po\u0142o\u017cona u adriatyckiej drogi turystycznej o 2 kilometr\u00f3w na wsch\u00f3d od Zaostrogu. Podaca jest z\u0142o\u017cona z trzech wiosek: Kape\u0107, Viskovi\u0107a vala i Ravanje z ca\u0142kowit\u0105 liczb\u0105 [&hellip;]<\/p>\n","protected":false},"author":4,"featured_media":0,"parent":0,"menu_order":0,"comment_status":"closed","ping_status":"closed","template":"","meta":[],"_links":{"self":[{"href":"https:\/\/primorac-podaca.com\/pl\/wp-json\/wp\/v2\/pages\/288"}],"collection":[{"href":"https:\/\/primorac-podaca.com\/pl\/wp-json\/wp\/v2\/pages"}],"about":[{"href":"https:\/\/primorac-podaca.com\/pl\/wp-json\/wp\/v2\/types\/page"}],"author":[{"embeddable":true,"href":"https:\/\/primorac-podaca.com\/pl\/wp-json\/wp\/v2\/users\/4"}],"replies":[{"embeddable":true,"href":"https:\/\/primorac-podaca.com\/pl\/wp-json\/wp\/v2\/comments?post=288"}],"version-history":[{"count":1,"href":"https:\/\/primorac-podaca.com\/pl\/wp-json\/wp\/v2\/pages\/288\/revisions"}],"predecessor-version":[{"id":1983,"href":"https:\/\/primorac-podaca.com\/pl\/wp-json\/wp\/v2\/pages\/288\/revisions\/1983"}],"wp:attachment":[{"href":"https:\/\/primorac-podaca.com\/pl\/wp-json\/wp\/v2\/media?parent=288"}],"curies":[{"name":"wp","href":"https:\/\/api.w.org\/{rel}","templated":true}]}}