{"id":300,"date":"2015-03-30T20:43:17","date_gmt":"2015-03-30T20:43:17","guid":{"rendered":"http:\/\/primorac-podaca.com\/izleti-2\/"},"modified":"2018-12-21T16:59:50","modified_gmt":"2018-12-21T16:59:50","slug":"izleti","status":"publish","type":"page","link":"https:\/\/primorac-podaca.com\/pl\/izleti\/","title":{"rendered":"Wycieczki"},"content":{"rendered":"<p><a href=\"http:\/\/primorac-podaca.com\/wp-content\/uploads\/2015\/03\/mostar10.jpg\"><img loading=\"lazy\" class=\"alignnone wp-image-1474\" src=\"http:\/\/primorac-podaca.com\/wp-content\/uploads\/2015\/03\/mostar10-300x190.jpg\" alt=\"mostar10\" width=\"246\" height=\"156\" srcset=\"https:\/\/primorac-podaca.com\/wp-content\/uploads\/2015\/03\/mostar10-300x190.jpg 300w, https:\/\/primorac-podaca.com\/wp-content\/uploads\/2015\/03\/mostar10.jpg 960w\" sizes=\"(max-width: 246px) 100vw, 246px\" \/><\/a><a href=\"http:\/\/primorac-podaca.com\/wp-content\/uploads\/2015\/03\/vino-tours-foto-1.jpg\"><img loading=\"lazy\" class=\"alignnone wp-image-1556\" src=\"http:\/\/primorac-podaca.com\/wp-content\/uploads\/2015\/03\/vino-tours-foto-1-300x187.jpg\" alt=\"vino tours foto 1\" width=\"250\" height=\"156\" srcset=\"https:\/\/primorac-podaca.com\/wp-content\/uploads\/2015\/03\/vino-tours-foto-1-300x187.jpg 300w, https:\/\/primorac-podaca.com\/wp-content\/uploads\/2015\/03\/vino-tours-foto-1-1024x640.jpg 1024w, https:\/\/primorac-podaca.com\/wp-content\/uploads\/2015\/03\/vino-tours-foto-1.jpg 1100w\" sizes=\"(max-width: 250px) 100vw, 250px\" \/><\/a><a href=\"http:\/\/primorac-podaca.com\/wp-content\/uploads\/2015\/03\/Vodopad-Kravice-1.jpg\"><img loading=\"lazy\" class=\"alignnone wp-image-1512\" src=\"http:\/\/primorac-podaca.com\/wp-content\/uploads\/2015\/03\/Vodopad-Kravice-1-300x200.jpg\" alt=\"Vodopad-Kravice-1\" width=\"235\" height=\"156\" srcset=\"https:\/\/primorac-podaca.com\/wp-content\/uploads\/2015\/03\/Vodopad-Kravice-1-300x200.jpg 300w, https:\/\/primorac-podaca.com\/wp-content\/uploads\/2015\/03\/Vodopad-Kravice-1.jpg 1000w\" sizes=\"(max-width: 235px) 100vw, 235px\" \/><\/a><\/p>\n<p><strong>Wycieczki<\/strong><\/p>\n<p>&#8211; Me\u0111ugorje<\/p>\n<p>&#8211; <span id=\"result_box\" class=\"short_text\" lang=\"pl\"><span class=\"hps\">Wodospad<\/span> <span class=\"hps\">Kravica<\/span><\/span><\/p>\n<p>&#8211; Mostar<\/p>\n<p>&#8211; Canoeing safari Trebi\u017eat<\/p>\n<p>&#8211; Hvar &amp; Kor\u010dula<\/p>\n<p>&#8211; <span id=\"result_box\" class=\"short_text\" lang=\"pl\"><span class=\"hps\">Wycieczka<\/span> <span class=\"hps\">wino w<\/span> <span class=\"hps\">Hercegowinie<\/span><\/span><\/p>\n<p>&nbsp;<\/p>\n","protected":false},"excerpt":{"rendered":"<p>Wycieczki &#8211; Me\u0111ugorje &#8211; Wodospad Kravica &#8211; Mostar &#8211; Canoeing safari Trebi\u017eat &#8211; Hvar &amp; Kor\u010dula &#8211; Wycieczka wino w Hercegowinie &nbsp;<\/p>\n","protected":false},"author":4,"featured_media":0,"parent":0,"menu_order":0,"comment_status":"closed","ping_status":"closed","template":"page-fullwidth.php","meta":[],"_links":{"self":[{"href":"https:\/\/primorac-podaca.com\/pl\/wp-json\/wp\/v2\/pages\/300"}],"collection":[{"href":"https:\/\/primorac-podaca.com\/pl\/wp-json\/wp\/v2\/pages"}],"about":[{"href":"https:\/\/primorac-podaca.com\/pl\/wp-json\/wp\/v2\/types\/page"}],"author":[{"embeddable":true,"href":"https:\/\/primorac-podaca.com\/pl\/wp-json\/wp\/v2\/users\/4"}],"replies":[{"embeddable":true,"href":"https:\/\/primorac-podaca.com\/pl\/wp-json\/wp\/v2\/comments?post=300"}],"version-history":[{"count":1,"href":"https:\/\/primorac-podaca.com\/pl\/wp-json\/wp\/v2\/pages\/300\/revisions"}],"predecessor-version":[{"id":2721,"href":"https:\/\/primorac-podaca.com\/pl\/wp-json\/wp\/v2\/pages\/300\/revisions\/2721"}],"wp:attachment":[{"href":"https:\/\/primorac-podaca.com\/pl\/wp-json\/wp\/v2\/media?parent=300"}],"curies":[{"name":"wp","href":"https:\/\/api.w.org\/{rel}","templated":true}]}}